{"id":119,"date":"2019-05-19T16:58:49","date_gmt":"2019-05-19T15:58:49","guid":{"rendered":"https:\/\/traumpony.ch\/?page_id=119"},"modified":"2019-05-21T19:07:13","modified_gmt":"2019-05-21T18:07:13","slug":"gefuehrte-wanderungen","status":"publish","type":"page","link":"https:\/\/traumpony.ch\/index.php\/gefuehrte-wanderungen\/","title":{"rendered":"Gef\u00fchrte Wanderungen"},"content":{"rendered":"\n<p>Ich biete gef\u00fchrte, ca. 3-4 st\u00fcndige Wanderungen im wundersch\u00f6nen Oberbaselbiet an. Sie wandern gerne und m\u00f6chten als Familie einen besonderen Ausflug mit Ponys erleben? Die Kinder k\u00f6nnen w\u00e4hrend der Wanderung auf den Ponys reiten und werden begeistert sein.<\/p>\n","protected":false},"excerpt":{"rendered":"<p>Ich biete gef\u00fchrte, ca. 3-4 st\u00fcndige Wanderungen im wundersch\u00f6nen Oberbaselbiet an. Sie wandern gerne und m\u00f6chten als Familie einen besonderen Ausflug mit Ponys erleben? Die Kinder k\u00f6nnen w\u00e4hrend der Wanderung auf den Ponys reiten und werden begeistert sein.<\/p>\n","protected":false},"author":1,"featured_media":0,"parent":0,"menu_order":0,"comment_status":"closed","ping_status":"closed","template":"","meta":{"site-sidebar-layout":"default","site-content-layout":"default","ast-site-content-layout":"default","site-content-style":"default","site-sidebar-style":"default","ast-global-header-display":"","ast-banner-title-visibility":"","ast-main-header-display":"","ast-hfb-above-header-display":"","ast-hfb-below-header-display":"","ast-hfb-mobile-header-display":"","site-post-title":"","ast-breadcrumbs-content":"","ast-featured-img":"","footer-sml-layout":"","ast-disable-related-posts":"","theme-transparent-header-meta":"default","adv-header-id-meta":"","stick-header-meta":"","header-above-stick-meta":"","header-main-stick-meta":"","header-below-stick-meta":"","astra-migrate-meta-layouts":"default","ast-page-background-enabled":"default","ast-page-background-meta":{"desktop":{"background-color":"","background-image":"","background-repeat":"repeat","background-position":"center center","background-size":"auto","background-attachment":"scroll","background-type":"","background-media":"","overlay-type":"","overlay-color":"","overlay-opacity":"","overlay-gradient":""},"tablet":{"background-color":"","background-image":"","background-repeat":"repeat","background-position":"center center","background-size":"auto","background-attachment":"scroll","background-type":"","background-media":"","overlay-type":"","overlay-color":"","overlay-opacity":"","overlay-gradient":""},"mobile":{"background-color":"","background-image":"","background-repeat":"repeat","background-position":"center center","background-size":"auto","background-attachment":"scroll","background-type":"","background-media":"","overlay-type":"","overlay-color":"","overlay-opacity":"","overlay-gradient":""}},"ast-content-background-meta":{"desktop":{"background-color":"var(--ast-global-color-5)","background-image":"","background-repeat":"repeat","background-position":"center center","background-size":"auto","background-attachment":"scroll","background-type":"","background-media":"","overlay-type":"","overlay-color":"","overlay-opacity":"","overlay-gradient":""},"tablet":{"background-color":"var(--ast-global-color-5)","background-image":"","background-repeat":"repeat","background-position":"center center","background-size":"auto","background-attachment":"scroll","background-type":"","background-media":"","overlay-type":"","overlay-color":"","overlay-opacity":"","overlay-gradient":""},"mobile":{"background-color":"var(--ast-global-color-5)","background-image":"","background-repeat":"repeat","background-position":"center center","background-size":"auto","background-attachment":"scroll","background-type":"","background-media":"","overlay-type":"","overlay-color":"","overlay-opacity":"","overlay-gradient":""}},"footnotes":""},"class_list":["post-119","page","type-page","status-publish","hentry"],"_links":{"self":[{"href":"https:\/\/traumpony.ch\/index.php\/wp-json\/wp\/v2\/pages\/119","targetHints":{"allow":["GET"]}}],"collection":[{"href":"https:\/\/traumpony.ch\/index.php\/wp-json\/wp\/v2\/pages"}],"about":[{"href":"https:\/\/traumpony.ch\/index.php\/wp-json\/wp\/v2\/types\/page"}],"author":[{"embeddable":true,"href":"https:\/\/traumpony.ch\/index.php\/wp-json\/wp\/v2\/users\/1"}],"replies":[{"embeddable":true,"href":"https:\/\/traumpony.ch\/index.php\/wp-json\/wp\/v2\/comments?post=119"}],"version-history":[{"count":2,"href":"https:\/\/traumpony.ch\/index.php\/wp-json\/wp\/v2\/pages\/119\/revisions"}],"predecessor-version":[{"id":222,"href":"https:\/\/traumpony.ch\/index.php\/wp-json\/wp\/v2\/pages\/119\/revisions\/222"}],"wp:attachment":[{"href":"https:\/\/traumpony.ch\/index.php\/wp-json\/wp\/v2\/media?parent=119"}],"curies":[{"name":"wp","href":"https:\/\/api.w.org\/{rel}","templated":true}]}}