{"id":126,"date":"2019-05-19T17:03:31","date_gmt":"2019-05-19T16:03:31","guid":{"rendered":"https:\/\/traumpony.ch\/?page_id=126"},"modified":"2022-10-24T07:36:38","modified_gmt":"2022-10-24T06:36:38","slug":"vanilla","status":"publish","type":"page","link":"https:\/\/traumpony.ch\/index.php\/hpr\/ponys\/vanilla\/","title":{"rendered":"Vanilla"},"content":{"rendered":"\n<p><img loading=\"lazy\" decoding=\"async\" class=\"wp-image-313 size-medium alignright\" src=\"https:\/\/traumpony.ch\/wp-content\/uploads\/2020\/12\/vanilla2-245x300.jpg\" alt=\"Foto von Vanilla\" width=\"245\" height=\"300\" srcset=\"https:\/\/traumpony.ch\/wp-content\/uploads\/2020\/12\/vanilla2-245x300.jpg 245w, https:\/\/traumpony.ch\/wp-content\/uploads\/2020\/12\/vanilla2-836x1024.jpg 836w, https:\/\/traumpony.ch\/wp-content\/uploads\/2020\/12\/vanilla2-768x940.jpg 768w, https:\/\/traumpony.ch\/wp-content\/uploads\/2020\/12\/vanilla2-1255x1536.jpg 1255w, https:\/\/traumpony.ch\/wp-content\/uploads\/2020\/12\/vanilla2-600x735.jpg 600w, https:\/\/traumpony.ch\/wp-content\/uploads\/2020\/12\/vanilla2.jpg 1427w\" sizes=\"auto, (max-width: 245px) 100vw, 245px\" \/><\/p>\n<p>Vanilla ist unsere Rotschimmel Shetlandpony Stute. Sie wurde im Fr\u00fchling 2001 in Holland geboren und ist ca. 1m gross. Vanilla hat ein zur\u00fcckhaltendes, h\u00f6fliches und sensibles Wesen.<\/p>\n<p>Vanilla ist lieb im Umgang, sensibel, und l\u00e4sst sich relativ leicht dominieren. Sie ist zuverl\u00e4ssig und verkehrssicher. Sie ist sehr schlau, und wer ihr Herz gewonnen hat, kann alles von ihr haben.<\/p>\n<p>Vanilla hat Turniererfahrung in der Bodenarbeit und beim Reiten. Sie war zweimal Schweizermeisterin beim Turnier der Shetlandponys.<\/p>\n\n\n","protected":false},"excerpt":{"rendered":"<p>Vanilla ist unsere Rotschimmel Shetlandpony Stute. Sie wurde im Fr\u00fchling 2001 in Holland geboren und ist ca. 1m gross. Vanilla hat ein zur\u00fcckhaltendes, h\u00f6fliches und sensibles Wesen. Vanilla ist lieb im Umgang, sensibel, und l\u00e4sst sich relativ leicht dominieren. Sie ist zuverl\u00e4ssig und verkehrssicher. Sie ist sehr schlau, und wer ihr Herz gewonnen hat, kann [&hellip;]<\/p>\n","protected":false},"author":1,"featured_media":0,"parent":71,"menu_order":0,"comment_status":"closed","ping_status":"closed","template":"","meta":{"site-sidebar-layout":"default","site-content-layout":"default","ast-site-content-layout":"default","site-content-style":"default","site-sidebar-style":"default","ast-global-header-display":"","ast-banner-title-visibility":"","ast-main-header-display":"","ast-hfb-above-header-display":"","ast-hfb-below-header-display":"","ast-hfb-mobile-header-display":"","site-post-title":"","ast-breadcrumbs-content":"","ast-featured-img":"","footer-sml-layout":"","ast-disable-related-posts":"","theme-transparent-header-meta":"default","adv-header-id-meta":"","stick-header-meta":"","header-above-stick-meta":"","header-main-stick-meta":"","header-below-stick-meta":"","astra-migrate-meta-layouts":"default","ast-page-background-enabled":"default","ast-page-background-meta":{"desktop":{"background-color":"","background-image":"","background-repeat":"repeat","background-position":"center center","background-size":"auto","background-attachment":"scroll","background-type":"","background-media":"","overlay-type":"","overlay-color":"","overlay-opacity":"","overlay-gradient":""},"tablet":{"background-color":"","background-image":"","background-repeat":"repeat","background-position":"center center","background-size":"auto","background-attachment":"scroll","background-type":"","background-media":"","overlay-type":"","overlay-color":"","overlay-opacity":"","overlay-gradient":""},"mobile":{"background-color":"","background-image":"","background-repeat":"repeat","background-position":"center center","background-size":"auto","background-attachment":"scroll","background-type":"","background-media":"","overlay-type":"","overlay-color":"","overlay-opacity":"","overlay-gradient":""}},"ast-content-background-meta":{"desktop":{"background-color":"var(--ast-global-color-5)","background-image":"","background-repeat":"repeat","background-position":"center center","background-size":"auto","background-attachment":"scroll","background-type":"","background-media":"","overlay-type":"","overlay-color":"","overlay-opacity":"","overlay-gradient":""},"tablet":{"background-color":"var(--ast-global-color-5)","background-image":"","background-repeat":"repeat","background-position":"center center","background-size":"auto","background-attachment":"scroll","background-type":"","background-media":"","overlay-type":"","overlay-color":"","overlay-opacity":"","overlay-gradient":""},"mobile":{"background-color":"var(--ast-global-color-5)","background-image":"","background-repeat":"repeat","background-position":"center center","background-size":"auto","background-attachment":"scroll","background-type":"","background-media":"","overlay-type":"","overlay-color":"","overlay-opacity":"","overlay-gradient":""}},"footnotes":""},"class_list":["post-126","page","type-page","status-publish","hentry"],"_links":{"self":[{"href":"https:\/\/traumpony.ch\/index.php\/wp-json\/wp\/v2\/pages\/126","targetHints":{"allow":["GET"]}}],"collection":[{"href":"https:\/\/traumpony.ch\/index.php\/wp-json\/wp\/v2\/pages"}],"about":[{"href":"https:\/\/traumpony.ch\/index.php\/wp-json\/wp\/v2\/types\/page"}],"author":[{"embeddable":true,"href":"https:\/\/traumpony.ch\/index.php\/wp-json\/wp\/v2\/users\/1"}],"replies":[{"embeddable":true,"href":"https:\/\/traumpony.ch\/index.php\/wp-json\/wp\/v2\/comments?post=126"}],"version-history":[{"count":7,"href":"https:\/\/traumpony.ch\/index.php\/wp-json\/wp\/v2\/pages\/126\/revisions"}],"predecessor-version":[{"id":392,"href":"https:\/\/traumpony.ch\/index.php\/wp-json\/wp\/v2\/pages\/126\/revisions\/392"}],"up":[{"embeddable":true,"href":"https:\/\/traumpony.ch\/index.php\/wp-json\/wp\/v2\/pages\/71"}],"wp:attachment":[{"href":"https:\/\/traumpony.ch\/index.php\/wp-json\/wp\/v2\/media?parent=126"}],"curies":[{"name":"wp","href":"https:\/\/api.w.org\/{rel}","templated":true}]}}