{"id":133,"date":"2019-05-19T17:04:43","date_gmt":"2019-05-19T16:04:43","guid":{"rendered":"https:\/\/traumpony.ch\/?page_id=133"},"modified":"2020-12-30T13:05:59","modified_gmt":"2020-12-30T12:05:59","slug":"roekkva","status":"publish","type":"page","link":"https:\/\/traumpony.ch\/index.php\/hpr\/ponys\/roekkva\/","title":{"rendered":"R\u00f6kkva"},"content":{"rendered":"\n<p><img loading=\"lazy\" decoding=\"async\" class=\"alignleft wp-image-304 size-medium\" src=\"https:\/\/traumpony.ch\/wp-content\/uploads\/2020\/12\/Roekkva-248x300.jpg\" alt=\"\" width=\"248\" height=\"300\" srcset=\"https:\/\/traumpony.ch\/wp-content\/uploads\/2020\/12\/Roekkva-248x300.jpg 248w, https:\/\/traumpony.ch\/wp-content\/uploads\/2020\/12\/Roekkva-847x1024.jpg 847w, https:\/\/traumpony.ch\/wp-content\/uploads\/2020\/12\/Roekkva-768x928.jpg 768w, https:\/\/traumpony.ch\/wp-content\/uploads\/2020\/12\/Roekkva-600x725.jpg 600w, https:\/\/traumpony.ch\/wp-content\/uploads\/2020\/12\/Roekkva.jpg 1059w\" sizes=\"auto, (max-width: 248px) 100vw, 248px\" \/>R\u00f6kkva ist unsere farbwechselnde Islandstute. Im Sommer ist sie grau, im Winter schwarz. Sie ist im Sommer 2008 in Island geboren und ca. 135cm gross. R\u00f6kkva hat ein sehr ausgeglichenes, liebes und sensibles Wesen.\u00a0<\/p>\n<p>Ihr Name ist isl\u00e4ndisch und bedeutet &#8222;D\u00e4mmerung&#8220;.<\/p>\n<p>Die kleine Stute bezaubert mit ihrem feinen Charakter. Sie hat klar getrennte, einfach zu reitende G\u00e4nge. Sie ist Vierg\u00e4ngerin mit schicken Bewegungen bei ausgeglichenem Gem\u00fct und kann sehr gut von Kindern und Anf\u00e4ngern geritten werden. Sie wird bei uns auch als F\u00fchrpferd f\u00fcrs Handpferdreiten eingesetzt.<\/p>\n","protected":false},"excerpt":{"rendered":"<p>R\u00f6kkva ist unsere farbwechselnde Islandstute. Im Sommer ist sie grau, im Winter schwarz. Sie ist im Sommer 2008 in Island geboren und ca. 135cm gross. R\u00f6kkva hat ein sehr ausgeglichenes, liebes und sensibles Wesen.\u00a0 Ihr Name ist isl\u00e4ndisch und bedeutet &#8222;D\u00e4mmerung&#8220;. Die kleine Stute bezaubert mit ihrem feinen Charakter. Sie hat klar getrennte, einfach zu [&hellip;]<\/p>\n","protected":false},"author":1,"featured_media":0,"parent":71,"menu_order":0,"comment_status":"closed","ping_status":"closed","template":"","meta":{"site-sidebar-layout":"default","site-content-layout":"default","ast-site-content-layout":"default","site-content-style":"default","site-sidebar-style":"default","ast-global-header-display":"","ast-banner-title-visibility":"","ast-main-header-display":"","ast-hfb-above-header-display":"","ast-hfb-below-header-display":"","ast-hfb-mobile-header-display":"","site-post-title":"","ast-breadcrumbs-content":"","ast-featured-img":"","footer-sml-layout":"","ast-disable-related-posts":"","theme-transparent-header-meta":"default","adv-header-id-meta":"","stick-header-meta":"","header-above-stick-meta":"","header-main-stick-meta":"","header-below-stick-meta":"","astra-migrate-meta-layouts":"default","ast-page-background-enabled":"default","ast-page-background-meta":{"desktop":{"background-color":"","background-image":"","background-repeat":"repeat","background-position":"center center","background-size":"auto","background-attachment":"scroll","background-type":"","background-media":"","overlay-type":"","overlay-color":"","overlay-opacity":"","overlay-gradient":""},"tablet":{"background-color":"","background-image":"","background-repeat":"repeat","background-position":"center center","background-size":"auto","background-attachment":"scroll","background-type":"","background-media":"","overlay-type":"","overlay-color":"","overlay-opacity":"","overlay-gradient":""},"mobile":{"background-color":"","background-image":"","background-repeat":"repeat","background-position":"center center","background-size":"auto","background-attachment":"scroll","background-type":"","background-media":"","overlay-type":"","overlay-color":"","overlay-opacity":"","overlay-gradient":""}},"ast-content-background-meta":{"desktop":{"background-color":"var(--ast-global-color-5)","background-image":"","background-repeat":"repeat","background-position":"center center","background-size":"auto","background-attachment":"scroll","background-type":"","background-media":"","overlay-type":"","overlay-color":"","overlay-opacity":"","overlay-gradient":""},"tablet":{"background-color":"var(--ast-global-color-5)","background-image":"","background-repeat":"repeat","background-position":"center center","background-size":"auto","background-attachment":"scroll","background-type":"","background-media":"","overlay-type":"","overlay-color":"","overlay-opacity":"","overlay-gradient":""},"mobile":{"background-color":"var(--ast-global-color-5)","background-image":"","background-repeat":"repeat","background-position":"center center","background-size":"auto","background-attachment":"scroll","background-type":"","background-media":"","overlay-type":"","overlay-color":"","overlay-opacity":"","overlay-gradient":""}},"footnotes":""},"class_list":["post-133","page","type-page","status-publish","hentry"],"_links":{"self":[{"href":"https:\/\/traumpony.ch\/index.php\/wp-json\/wp\/v2\/pages\/133","targetHints":{"allow":["GET"]}}],"collection":[{"href":"https:\/\/traumpony.ch\/index.php\/wp-json\/wp\/v2\/pages"}],"about":[{"href":"https:\/\/traumpony.ch\/index.php\/wp-json\/wp\/v2\/types\/page"}],"author":[{"embeddable":true,"href":"https:\/\/traumpony.ch\/index.php\/wp-json\/wp\/v2\/users\/1"}],"replies":[{"embeddable":true,"href":"https:\/\/traumpony.ch\/index.php\/wp-json\/wp\/v2\/comments?post=133"}],"version-history":[{"count":5,"href":"https:\/\/traumpony.ch\/index.php\/wp-json\/wp\/v2\/pages\/133\/revisions"}],"predecessor-version":[{"id":306,"href":"https:\/\/traumpony.ch\/index.php\/wp-json\/wp\/v2\/pages\/133\/revisions\/306"}],"up":[{"embeddable":true,"href":"https:\/\/traumpony.ch\/index.php\/wp-json\/wp\/v2\/pages\/71"}],"wp:attachment":[{"href":"https:\/\/traumpony.ch\/index.php\/wp-json\/wp\/v2\/media?parent=133"}],"curies":[{"name":"wp","href":"https:\/\/api.w.org\/{rel}","templated":true}]}}