{"id":19,"date":"2019-05-18T18:03:37","date_gmt":"2019-05-18T17:03:37","guid":{"rendered":"https:\/\/traumpony.ch\/?page_id=19"},"modified":"2025-10-19T09:15:53","modified_gmt":"2025-10-19T08:15:53","slug":"ueber-mich","status":"publish","type":"page","link":"https:\/\/traumpony.ch\/index.php\/hpr\/ueber-mich\/","title":{"rendered":"\u00dcber mich"},"content":{"rendered":"\n<h4 data-tadv-p=\"keep\">Ich biete<\/h4>\n<ul>\n<li data-tadv-p=\"keep\">Eine abgeschlossene Ausbildung als Reitp\u00e4dagogin SG-TR<\/li>\n<li data-tadv-p=\"keep\">Tiergest\u00fctzte Therapie<\/li>\n<li>\u00dcber 30 Jahre Erfahrung in der Arbeit mit Pferden<\/li>\n<li>Eine gefestigte Pers\u00f6nlichkeit mit Werten, Organisationstalent und hoher Kommunikationsf\u00e4higkeit<\/li>\n<li>Mein Talent, einen guten Zugang zu den unterschiedlichsten Menschen zu finden und ihnen das Erlebnis Pferd n\u00e4her zu bringen<\/li>\n<li>Ein abgeschlossenes Studium an der Universit\u00e4t St. Gallen, F\u00fchrung und Personalmanagement<\/li>\n<li>Die F\u00e4higkeit, interdisziplin\u00e4r zusammenzuarbeiten, F\u00f6rderplanziele aufzustellen und zu dokumentieren<\/li>\n<li>Gute Vernetzung in der Region und in Fachkreisen<\/li>\n<\/ul>\n<h4 data-tadv-p=\"keep\">Reiterlicher Werdegang und Motivation<\/h4>\n<p>Seit 1992 betreibe ich Pferdesport. Anfangs war da einfach das Reiten, doch je \u00e4lter ich wurde, desto wichtiger wurde mir die Beziehung zum Pferd. Mein Pflegepferd hat mich mein halbes Leben lang begleitet. Gab mir Halt und war einfach da, wenn ich es brauchte. Es hat mir sein Vertrauen und seine Kraft geschenkt, und viel Freude in mein Leben gebracht.\u00a0Mit der Bauernfamilie, die unsere Tiere versorgt verbindet mich eine lange Freundschaft.<\/p>\n<p>Ich durfte mit Pferden schon sehr viel erleben. Ich war bei der Geburt von Fohlen dabei und habe bei der Ausbildung junger Pferde geholfen. Ich habe J\u00fcngere, die das Reiten lernen wollten, auf Handpferden mitgenommen. Ich habe das Fahrbrevet gemacht und bin Kutsche gefahren. Wir haben unz\u00e4hlige Stunden im Sattel verbracht, Tagesritte gemacht, kleine Turniere besucht und vieles mehr.<\/p>\n<p>Deshalb habe ich eine Ausbildung als Reitp\u00e4dagogin SG-TR gemacht und verf\u00fcge damit \u00fcber das professionelle R\u00fcstzeug, um Menschen mit tiergest\u00fctzter Therapie gezielt unterst\u00fctzen und begleiten zu k\u00f6nnen.<\/p>\n<p>Nach meiner Ausbildung zur Reitp\u00e4dagogin kamen unsere vier Islandpferde. Ab und zu besuchen wir ein Turnier, was den Kindern die M\u00f6glichkeit gibt, mit den Ponys beim Bodenarbeitsparcours und beim Geschicklichkeitsreiten mitzumachen. Das sch\u00f6nste Geschenk, dass uns unsere Ponys jedoch machen ist die Freundschaft, die sie uns entgegenbringen.\u00a0<\/p>\n<p>Wenn ich dann erlebe, wie Kinder, die es im Leben gerade schwer haben, bei den Ponys aufbl\u00fchen und gest\u00e4rkt werden in ihrer Pers\u00f6nlichkeit, bin ich \u00fcberzeugt, dass es sinnvoll und wertvoll ist mit meinen Ponys Menschen auf ihrem Weg ein St\u00fcck begleiten zu k\u00f6nnen.\u00a0<\/p>\n<p>Dabei ist es mir wichtig, einen Rahmen schaffen zu k\u00f6nnen, in dem es meinen Klienten m\u00f6glich ist, positive Erfahrungen zu machen. Einen Rahmen, in welchem Vertrauen, Achtsamkeit und Respekt gegen\u00fcber Mensch und Tier gelebt werden.<\/p>\n","protected":false},"excerpt":{"rendered":"<p>Ich biete Eine abgeschlossene Ausbildung als Reitp\u00e4dagogin SG-TR Tiergest\u00fctzte Therapie \u00dcber 30 Jahre Erfahrung in der Arbeit mit Pferden Eine gefestigte Pers\u00f6nlichkeit mit Werten, Organisationstalent und hoher Kommunikationsf\u00e4higkeit Mein Talent, einen guten Zugang zu den unterschiedlichsten Menschen zu finden und ihnen das Erlebnis Pferd n\u00e4her zu bringen Ein abgeschlossenes Studium an der Universit\u00e4t St. Gallen, [&hellip;]<\/p>\n","protected":false},"author":1,"featured_media":0,"parent":2,"menu_order":0,"comment_status":"closed","ping_status":"closed","template":"","meta":{"site-sidebar-layout":"default","site-content-layout":"default","ast-site-content-layout":"default","site-content-style":"default","site-sidebar-style":"default","ast-global-header-display":"","ast-banner-title-visibility":"","ast-main-header-display":"","ast-hfb-above-header-display":"","ast-hfb-below-header-display":"","ast-hfb-mobile-header-display":"","site-post-title":"","ast-breadcrumbs-content":"","ast-featured-img":"","footer-sml-layout":"","ast-disable-related-posts":"","theme-transparent-header-meta":"default","adv-header-id-meta":"","stick-header-meta":"","header-above-stick-meta":"","header-main-stick-meta":"","header-below-stick-meta":"","astra-migrate-meta-layouts":"set","ast-page-background-enabled":"default","ast-page-background-meta":{"desktop":{"background-color":"","background-image":"","background-repeat":"repeat","background-position":"center center","background-size":"auto","background-attachment":"scroll","background-type":"","background-media":"","overlay-type":"","overlay-color":"","overlay-opacity":"","overlay-gradient":""},"tablet":{"background-color":"","background-image":"","background-repeat":"repeat","background-position":"center center","background-size":"auto","background-attachment":"scroll","background-type":"","background-media":"","overlay-type":"","overlay-color":"","overlay-opacity":"","overlay-gradient":""},"mobile":{"background-color":"","background-image":"","background-repeat":"repeat","background-position":"center center","background-size":"auto","background-attachment":"scroll","background-type":"","background-media":"","overlay-type":"","overlay-color":"","overlay-opacity":"","overlay-gradient":""}},"ast-content-background-meta":{"desktop":{"background-color":"var(--ast-global-color-5)","background-image":"","background-repeat":"repeat","background-position":"center center","background-size":"auto","background-attachment":"scroll","background-type":"","background-media":"","overlay-type":"","overlay-color":"","overlay-opacity":"","overlay-gradient":""},"tablet":{"background-color":"var(--ast-global-color-5)","background-image":"","background-repeat":"repeat","background-position":"center center","background-size":"auto","background-attachment":"scroll","background-type":"","background-media":"","overlay-type":"","overlay-color":"","overlay-opacity":"","overlay-gradient":""},"mobile":{"background-color":"var(--ast-global-color-5)","background-image":"","background-repeat":"repeat","background-position":"center center","background-size":"auto","background-attachment":"scroll","background-type":"","background-media":"","overlay-type":"","overlay-color":"","overlay-opacity":"","overlay-gradient":""}},"footnotes":""},"class_list":["post-19","page","type-page","status-publish","hentry"],"_links":{"self":[{"href":"https:\/\/traumpony.ch\/index.php\/wp-json\/wp\/v2\/pages\/19","targetHints":{"allow":["GET"]}}],"collection":[{"href":"https:\/\/traumpony.ch\/index.php\/wp-json\/wp\/v2\/pages"}],"about":[{"href":"https:\/\/traumpony.ch\/index.php\/wp-json\/wp\/v2\/types\/page"}],"author":[{"embeddable":true,"href":"https:\/\/traumpony.ch\/index.php\/wp-json\/wp\/v2\/users\/1"}],"replies":[{"embeddable":true,"href":"https:\/\/traumpony.ch\/index.php\/wp-json\/wp\/v2\/comments?post=19"}],"version-history":[{"count":9,"href":"https:\/\/traumpony.ch\/index.php\/wp-json\/wp\/v2\/pages\/19\/revisions"}],"predecessor-version":[{"id":444,"href":"https:\/\/traumpony.ch\/index.php\/wp-json\/wp\/v2\/pages\/19\/revisions\/444"}],"up":[{"embeddable":true,"href":"https:\/\/traumpony.ch\/index.php\/wp-json\/wp\/v2\/pages\/2"}],"wp:attachment":[{"href":"https:\/\/traumpony.ch\/index.php\/wp-json\/wp\/v2\/media?parent=19"}],"curies":[{"name":"wp","href":"https:\/\/api.w.org\/{rel}","templated":true}]}}