{"id":268,"date":"2020-12-30T12:08:13","date_gmt":"2020-12-30T11:08:13","guid":{"rendered":"https:\/\/traumpony.ch\/?page_id=268"},"modified":"2024-07-13T13:50:07","modified_gmt":"2024-07-13T12:50:07","slug":"elvadis","status":"publish","type":"page","link":"https:\/\/traumpony.ch\/index.php\/hpr\/ponys\/elvadis\/","title":{"rendered":"Elvad\u00eds"},"content":{"rendered":"\n<p><img loading=\"lazy\" decoding=\"async\" class=\"alignleft wp-image-285 size-medium\" src=\"https:\/\/traumpony.ch\/wp-content\/uploads\/2020\/12\/Elvadis-300x225.jpg\" alt=\"\" width=\"300\" height=\"225\" srcset=\"https:\/\/traumpony.ch\/wp-content\/uploads\/2020\/12\/Elvadis-300x225.jpg 300w, https:\/\/traumpony.ch\/wp-content\/uploads\/2020\/12\/Elvadis-1024x768.jpg 1024w, https:\/\/traumpony.ch\/wp-content\/uploads\/2020\/12\/Elvadis-768x576.jpg 768w, https:\/\/traumpony.ch\/wp-content\/uploads\/2020\/12\/Elvadis-1536x1152.jpg 1536w, https:\/\/traumpony.ch\/wp-content\/uploads\/2020\/12\/Elvadis-2048x1536.jpg 2048w, https:\/\/traumpony.ch\/wp-content\/uploads\/2020\/12\/Elvadis-600x450.jpg 600w\" sizes=\"auto, (max-width: 300px) 100vw, 300px\" \/>Elvad\u00eds war unsere j\u00fcngste Islandstute. Sie wurde im Sommer 2013 in der Schweiz geboren und ist am 26.05.2024 gestorben. Sie war ca. 145 cm gross und hatte ein liebes, menschbezogenes und sensibles Wesen.<\/p>\n<p>Der Name Elvad\u00eds ist aus dem isl\u00e4ndischen von Elva &#8222;die Elfe&#8220; und D\u00eds dem Attribut f\u00fcr &#8222;k\u00f6niglich&#8220; abgeleitet. Sie war unsere &#8222;K\u00f6nigselfe&#8220;.<\/p>\n<p>Elvad\u00eds war Vierg\u00e4ngerin und hatte einen wunderbaren T\u00f6lt. Sie hatte eine sehr gute Ausbildung und ging sehr fein an den Hilfen. Wir werden sie in lieber Erinnerung behalten.<\/p>\n","protected":false},"excerpt":{"rendered":"<p>Elvad\u00eds war unsere j\u00fcngste Islandstute. Sie wurde im Sommer 2013 in der Schweiz geboren und ist am 26.05.2024 gestorben. Sie war ca. 145 cm gross und hatte ein liebes, menschbezogenes und sensibles Wesen. Der Name Elvad\u00eds ist aus dem isl\u00e4ndischen von Elva &#8222;die Elfe&#8220; und D\u00eds dem Attribut f\u00fcr &#8222;k\u00f6niglich&#8220; abgeleitet. Sie war unsere &#8222;K\u00f6nigselfe&#8220;. [&hellip;]<\/p>\n","protected":false},"author":1,"featured_media":0,"parent":71,"menu_order":0,"comment_status":"closed","ping_status":"closed","template":"","meta":{"site-sidebar-layout":"default","site-content-layout":"default","ast-site-content-layout":"default","site-content-style":"default","site-sidebar-style":"default","ast-global-header-display":"","ast-banner-title-visibility":"","ast-main-header-display":"","ast-hfb-above-header-display":"","ast-hfb-below-header-display":"","ast-hfb-mobile-header-display":"","site-post-title":"","ast-breadcrumbs-content":"","ast-featured-img":"","footer-sml-layout":"","ast-disable-related-posts":"","theme-transparent-header-meta":"default","adv-header-id-meta":"","stick-header-meta":"","header-above-stick-meta":"","header-main-stick-meta":"","header-below-stick-meta":"","astra-migrate-meta-layouts":"set","ast-page-background-enabled":"default","ast-page-background-meta":{"desktop":{"background-color":"","background-image":"","background-repeat":"repeat","background-position":"center center","background-size":"auto","background-attachment":"scroll","background-type":"","background-media":"","overlay-type":"","overlay-color":"","overlay-opacity":"","overlay-gradient":""},"tablet":{"background-color":"","background-image":"","background-repeat":"repeat","background-position":"center center","background-size":"auto","background-attachment":"scroll","background-type":"","background-media":"","overlay-type":"","overlay-color":"","overlay-opacity":"","overlay-gradient":""},"mobile":{"background-color":"","background-image":"","background-repeat":"repeat","background-position":"center center","background-size":"auto","background-attachment":"scroll","background-type":"","background-media":"","overlay-type":"","overlay-color":"","overlay-opacity":"","overlay-gradient":""}},"ast-content-background-meta":{"desktop":{"background-color":"var(--ast-global-color-5)","background-image":"","background-repeat":"repeat","background-position":"center center","background-size":"auto","background-attachment":"scroll","background-type":"","background-media":"","overlay-type":"","overlay-color":"","overlay-opacity":"","overlay-gradient":""},"tablet":{"background-color":"var(--ast-global-color-5)","background-image":"","background-repeat":"repeat","background-position":"center center","background-size":"auto","background-attachment":"scroll","background-type":"","background-media":"","overlay-type":"","overlay-color":"","overlay-opacity":"","overlay-gradient":""},"mobile":{"background-color":"var(--ast-global-color-5)","background-image":"","background-repeat":"repeat","background-position":"center center","background-size":"auto","background-attachment":"scroll","background-type":"","background-media":"","overlay-type":"","overlay-color":"","overlay-opacity":"","overlay-gradient":""}},"footnotes":""},"class_list":["post-268","page","type-page","status-publish","hentry"],"_links":{"self":[{"href":"https:\/\/traumpony.ch\/index.php\/wp-json\/wp\/v2\/pages\/268","targetHints":{"allow":["GET"]}}],"collection":[{"href":"https:\/\/traumpony.ch\/index.php\/wp-json\/wp\/v2\/pages"}],"about":[{"href":"https:\/\/traumpony.ch\/index.php\/wp-json\/wp\/v2\/types\/page"}],"author":[{"embeddable":true,"href":"https:\/\/traumpony.ch\/index.php\/wp-json\/wp\/v2\/users\/1"}],"replies":[{"embeddable":true,"href":"https:\/\/traumpony.ch\/index.php\/wp-json\/wp\/v2\/comments?post=268"}],"version-history":[{"count":6,"href":"https:\/\/traumpony.ch\/index.php\/wp-json\/wp\/v2\/pages\/268\/revisions"}],"predecessor-version":[{"id":429,"href":"https:\/\/traumpony.ch\/index.php\/wp-json\/wp\/v2\/pages\/268\/revisions\/429"}],"up":[{"embeddable":true,"href":"https:\/\/traumpony.ch\/index.php\/wp-json\/wp\/v2\/pages\/71"}],"wp:attachment":[{"href":"https:\/\/traumpony.ch\/index.php\/wp-json\/wp\/v2\/media?parent=268"}],"curies":[{"name":"wp","href":"https:\/\/api.w.org\/{rel}","templated":true}]}}