{"id":396,"date":"2023-02-05T16:43:56","date_gmt":"2023-02-05T15:43:56","guid":{"rendered":"https:\/\/traumpony.ch\/?page_id=396"},"modified":"2023-02-05T17:52:25","modified_gmt":"2023-02-05T16:52:25","slug":"askja","status":"publish","type":"page","link":"https:\/\/traumpony.ch\/index.php\/hpr\/ponys\/askja\/","title":{"rendered":"Askja"},"content":{"rendered":"\n<p><img loading=\"lazy\" decoding=\"async\" class=\"wp-image-401 size-medium alignleft\" src=\"https:\/\/traumpony.ch\/wp-content\/uploads\/2023\/02\/Askja2-220x300.jpg\" alt=\"\" width=\"220\" height=\"300\" srcset=\"https:\/\/traumpony.ch\/wp-content\/uploads\/2023\/02\/Askja2-220x300.jpg 220w, https:\/\/traumpony.ch\/wp-content\/uploads\/2023\/02\/Askja2-750x1024.jpg 750w, https:\/\/traumpony.ch\/wp-content\/uploads\/2023\/02\/Askja2-768x1049.jpg 768w, https:\/\/traumpony.ch\/wp-content\/uploads\/2023\/02\/Askja2-600x820.jpg 600w, https:\/\/traumpony.ch\/wp-content\/uploads\/2023\/02\/Askja2.jpg 833w\" sizes=\"auto, (max-width: 220px) 100vw, 220px\" \/>Askja ist die \u00e4lteste Islandstute in unserer Herde. Sie ist im Sommer 2007 in der Schweiz geboren und seit November 2022 bei uns im Stall. Ihr Stockmass betr\u00e4gt ca. 141 cm. Sie hat ein liebes und menschbezogenes Wesen.<\/p>\n<p>Askja ist nach einem isl\u00e4ndischen Vulkan benannt.<\/p>\n<p>Askja ist Vierg\u00e4ngerin und ein sehr vielseitiges Pony. Sie hat eine sehr gute Ausbildung und geht sehr fein an den Hilfen. Askja tr\u00e4gt Kinder und Erwachsene routiniert und sicher.<\/p>\n","protected":false},"excerpt":{"rendered":"<p>Askja ist die \u00e4lteste Islandstute in unserer Herde. Sie ist im Sommer 2007 in der Schweiz geboren und seit November 2022 bei uns im Stall. Ihr Stockmass betr\u00e4gt ca. 141 cm. Sie hat ein liebes und menschbezogenes Wesen. Askja ist nach einem isl\u00e4ndischen Vulkan benannt. Askja ist Vierg\u00e4ngerin und ein sehr vielseitiges Pony. Sie hat [&hellip;]<\/p>\n","protected":false},"author":1,"featured_media":0,"parent":71,"menu_order":0,"comment_status":"closed","ping_status":"closed","template":"","meta":{"site-sidebar-layout":"default","site-content-layout":"default","ast-site-content-layout":"default","site-content-style":"default","site-sidebar-style":"default","ast-global-header-display":"","ast-banner-title-visibility":"","ast-main-header-display":"","ast-hfb-above-header-display":"","ast-hfb-below-header-display":"","ast-hfb-mobile-header-display":"","site-post-title":"","ast-breadcrumbs-content":"","ast-featured-img":"","footer-sml-layout":"","ast-disable-related-posts":"","theme-transparent-header-meta":"default","adv-header-id-meta":"","stick-header-meta":"","header-above-stick-meta":"","header-main-stick-meta":"","header-below-stick-meta":"","astra-migrate-meta-layouts":"default","ast-page-background-enabled":"default","ast-page-background-meta":{"desktop":{"background-color":"","background-image":"","background-repeat":"repeat","background-position":"center center","background-size":"auto","background-attachment":"scroll","background-type":"","background-media":"","overlay-type":"","overlay-color":"","overlay-opacity":"","overlay-gradient":""},"tablet":{"background-color":"","background-image":"","background-repeat":"repeat","background-position":"center center","background-size":"auto","background-attachment":"scroll","background-type":"","background-media":"","overlay-type":"","overlay-color":"","overlay-opacity":"","overlay-gradient":""},"mobile":{"background-color":"","background-image":"","background-repeat":"repeat","background-position":"center center","background-size":"auto","background-attachment":"scroll","background-type":"","background-media":"","overlay-type":"","overlay-color":"","overlay-opacity":"","overlay-gradient":""}},"ast-content-background-meta":{"desktop":{"background-color":"var(--ast-global-color-5)","background-image":"","background-repeat":"repeat","background-position":"center center","background-size":"auto","background-attachment":"scroll","background-type":"","background-media":"","overlay-type":"","overlay-color":"","overlay-opacity":"","overlay-gradient":""},"tablet":{"background-color":"var(--ast-global-color-5)","background-image":"","background-repeat":"repeat","background-position":"center center","background-size":"auto","background-attachment":"scroll","background-type":"","background-media":"","overlay-type":"","overlay-color":"","overlay-opacity":"","overlay-gradient":""},"mobile":{"background-color":"var(--ast-global-color-5)","background-image":"","background-repeat":"repeat","background-position":"center center","background-size":"auto","background-attachment":"scroll","background-type":"","background-media":"","overlay-type":"","overlay-color":"","overlay-opacity":"","overlay-gradient":""}},"footnotes":""},"class_list":["post-396","page","type-page","status-publish","hentry"],"_links":{"self":[{"href":"https:\/\/traumpony.ch\/index.php\/wp-json\/wp\/v2\/pages\/396","targetHints":{"allow":["GET"]}}],"collection":[{"href":"https:\/\/traumpony.ch\/index.php\/wp-json\/wp\/v2\/pages"}],"about":[{"href":"https:\/\/traumpony.ch\/index.php\/wp-json\/wp\/v2\/types\/page"}],"author":[{"embeddable":true,"href":"https:\/\/traumpony.ch\/index.php\/wp-json\/wp\/v2\/users\/1"}],"replies":[{"embeddable":true,"href":"https:\/\/traumpony.ch\/index.php\/wp-json\/wp\/v2\/comments?post=396"}],"version-history":[{"count":2,"href":"https:\/\/traumpony.ch\/index.php\/wp-json\/wp\/v2\/pages\/396\/revisions"}],"predecessor-version":[{"id":407,"href":"https:\/\/traumpony.ch\/index.php\/wp-json\/wp\/v2\/pages\/396\/revisions\/407"}],"up":[{"embeddable":true,"href":"https:\/\/traumpony.ch\/index.php\/wp-json\/wp\/v2\/pages\/71"}],"wp:attachment":[{"href":"https:\/\/traumpony.ch\/index.php\/wp-json\/wp\/v2\/media?parent=396"}],"curies":[{"name":"wp","href":"https:\/\/api.w.org\/{rel}","templated":true}]}}