{"id":51,"date":"2019-05-19T10:06:41","date_gmt":"2019-05-19T09:06:41","guid":{"rendered":"https:\/\/traumpony.ch\/?page_id=51"},"modified":"2019-05-21T19:25:58","modified_gmt":"2019-05-21T18:25:58","slug":"heilpaedagogisches-reiten","status":"publish","type":"page","link":"https:\/\/traumpony.ch\/index.php\/hpr\/angebot\/heilpaedagogisches-reiten\/","title":{"rendered":"Heilp\u00e4dagogisches Reiten"},"content":{"rendered":"\n<h4 data-tadv-p=\"keep\">Was ist Heilp\u00e4dagogisches Reiten?<\/h4>\n<p>Das Heilp\u00e4dagogische Reiten ist eine ganzheitliche Therapieform der speziellen P\u00e4dagogik und Psychologie.<br \/><br \/>Unter dem Begriff \u201eHeilp\u00e4dagogisches Reiten\u201c werden p\u00e4dagogische, psychologische, psychotherapeutische, rehabilitative und soziointegrative Einflussnahme mit Hilfe des Pferdes bei Kindern, Jugendlichen und Erwachsenen mit verschiedenen Behinderungen oder St\u00f6rungen zusammengefasst. Dabei steht nicht die reiterliche Ausbildung, sondern die individuelle Betreuung im Vordergrund, d.h. vor allem eine g\u00fcnstige Beeinflussung des Befindens, des Sozialverhaltens und der Pers\u00f6nlichkeitsentwicklung. <br \/><br \/>Im Umgang mit dem Pferd und beim Reiten wird der Mensch ganzheitlich angesprochen: k\u00f6rperlich, emotional-geistig und sozial. Zum Heilp\u00e4dagogischen Reiten geh\u00f6ren daher wesentlich das Aufbauen einer Beziehung, das F\u00fchren und Pflegen des Pferdes, das Aufsitzen, Sich-tragen-lassen und Geniessen. Ausreiten auf dem Handpferd und aktives Reiten lernen bieten sich als weiterf\u00fchrende M\u00f6glichkeiten an. Mithilfe bei der Stallarbeit geh\u00f6rt ebenso dazu.<\/p>\n<h4 data-tadv-p=\"keep\">F\u00fcr wen eignet sich Heilp\u00e4dagogisches Reiten?<\/h4>\n<p>Heilp\u00e4dagogisches Reiten eignet sich grunds\u00e4tzlich f\u00fcr alle Kinder und Erwachsene, die einen liebevollen, angstfreien Umgang mit dem Pferd und einen sanften Weg zum Reiten suchen.\u00a0<\/p>\n<p>Heilp\u00e4dagogisches Reiten f\u00f6rdert:<\/p>\n<ul>\n<li>die Aufmerksamkeit, Konzentration und Selbst\u00e4ndigkeit<\/li>\n<li>das Selbstbewusstseins und den Umgang mit Emotionen<\/li>\n<li>soziale Kompetenzen<\/li>\n<li>die Lernmotivation<\/li>\n<li>die Wahrnehmung, Koordination und das K\u00f6rperbewusstsein<\/li>\n<li>die Sprachentwicklung<\/li>\n<li>die seelische Ausgeglichenheit<\/li>\n<\/ul>\n<p>Deshalb eignet sich das heilp\u00e4dagogische Reiten ideal f\u00fcr Menschen mit:<\/p>\n<ul>\n<li>AD(H)S<\/li>\n<li>Autismus<\/li>\n<li>Hochsensibilit\u00e4t<\/li>\n<li>Teilleistungsst\u00f6rungen<\/li>\n<li>Verhaltensauff\u00e4lligkeiten<\/li>\n<li>St\u00f6rungen im emotionalen Bereich wie Selbstvertrauen, Trauer, Aggression, u.v.m<\/li>\n<li>St\u00f6rungen im sozialen Bereich wie Beziehungs- und Kommunikationsprobleme, Mobbing<\/li>\n<li>schwierigen Lebenssituationen<\/li>\n<li>Lernst\u00f6rungen und Lernbehinderungen<\/li>\n<li>Psychomotorischen Befunden wie Hypper- und Hyppotonus, sowie Verz\u00f6gerung der Grob-, Fein- und Graphomotorik<\/li>\n<li>Auff\u00e4lligkeiten in der Wahrnehmung wie Gleichgewicht, Koordination und Kraftdosierung<\/li>\n<li>Sprachverz\u00f6gerung<\/li>\n<li>Entwicklungsverz\u00f6gerungen<\/li>\n<li>geistiger und oder k\u00f6rperlicher Behinderung<\/li>\n<li>Therapiem\u00fcdigkeit<\/li>\n<\/ul>\n<p>Willkommen zur Zusammenarbeit sind auch Volksschulen, Kinderg\u00e4rten und weitere p\u00e4dagogische Institutionen.<\/p>\n","protected":false},"excerpt":{"rendered":"<p>Was ist Heilp\u00e4dagogisches Reiten? Das Heilp\u00e4dagogische Reiten ist eine ganzheitliche Therapieform der speziellen P\u00e4dagogik und Psychologie. Unter dem Begriff \u201eHeilp\u00e4dagogisches Reiten\u201c werden p\u00e4dagogische, psychologische, psychotherapeutische, rehabilitative und soziointegrative Einflussnahme mit Hilfe des Pferdes bei Kindern, Jugendlichen und Erwachsenen mit verschiedenen Behinderungen oder St\u00f6rungen zusammengefasst. Dabei steht nicht die reiterliche Ausbildung, sondern die individuelle Betreuung im [&hellip;]<\/p>\n","protected":false},"author":1,"featured_media":0,"parent":15,"menu_order":0,"comment_status":"closed","ping_status":"closed","template":"","meta":{"site-sidebar-layout":"default","site-content-layout":"default","ast-site-content-layout":"default","site-content-style":"default","site-sidebar-style":"default","ast-global-header-display":"","ast-banner-title-visibility":"","ast-main-header-display":"","ast-hfb-above-header-display":"","ast-hfb-below-header-display":"","ast-hfb-mobile-header-display":"","site-post-title":"","ast-breadcrumbs-content":"","ast-featured-img":"","footer-sml-layout":"","ast-disable-related-posts":"","theme-transparent-header-meta":"default","adv-header-id-meta":"","stick-header-meta":"","header-above-stick-meta":"","header-main-stick-meta":"","header-below-stick-meta":"","astra-migrate-meta-layouts":"default","ast-page-background-enabled":"default","ast-page-background-meta":{"desktop":{"background-color":"","background-image":"","background-repeat":"repeat","background-position":"center center","background-size":"auto","background-attachment":"scroll","background-type":"","background-media":"","overlay-type":"","overlay-color":"","overlay-opacity":"","overlay-gradient":""},"tablet":{"background-color":"","background-image":"","background-repeat":"repeat","background-position":"center center","background-size":"auto","background-attachment":"scroll","background-type":"","background-media":"","overlay-type":"","overlay-color":"","overlay-opacity":"","overlay-gradient":""},"mobile":{"background-color":"","background-image":"","background-repeat":"repeat","background-position":"center center","background-size":"auto","background-attachment":"scroll","background-type":"","background-media":"","overlay-type":"","overlay-color":"","overlay-opacity":"","overlay-gradient":""}},"ast-content-background-meta":{"desktop":{"background-color":"var(--ast-global-color-5)","background-image":"","background-repeat":"repeat","background-position":"center center","background-size":"auto","background-attachment":"scroll","background-type":"","background-media":"","overlay-type":"","overlay-color":"","overlay-opacity":"","overlay-gradient":""},"tablet":{"background-color":"var(--ast-global-color-5)","background-image":"","background-repeat":"repeat","background-position":"center center","background-size":"auto","background-attachment":"scroll","background-type":"","background-media":"","overlay-type":"","overlay-color":"","overlay-opacity":"","overlay-gradient":""},"mobile":{"background-color":"var(--ast-global-color-5)","background-image":"","background-repeat":"repeat","background-position":"center center","background-size":"auto","background-attachment":"scroll","background-type":"","background-media":"","overlay-type":"","overlay-color":"","overlay-opacity":"","overlay-gradient":""}},"footnotes":""},"class_list":["post-51","page","type-page","status-publish","hentry"],"_links":{"self":[{"href":"https:\/\/traumpony.ch\/index.php\/wp-json\/wp\/v2\/pages\/51","targetHints":{"allow":["GET"]}}],"collection":[{"href":"https:\/\/traumpony.ch\/index.php\/wp-json\/wp\/v2\/pages"}],"about":[{"href":"https:\/\/traumpony.ch\/index.php\/wp-json\/wp\/v2\/types\/page"}],"author":[{"embeddable":true,"href":"https:\/\/traumpony.ch\/index.php\/wp-json\/wp\/v2\/users\/1"}],"replies":[{"embeddable":true,"href":"https:\/\/traumpony.ch\/index.php\/wp-json\/wp\/v2\/comments?post=51"}],"version-history":[{"count":3,"href":"https:\/\/traumpony.ch\/index.php\/wp-json\/wp\/v2\/pages\/51\/revisions"}],"predecessor-version":[{"id":229,"href":"https:\/\/traumpony.ch\/index.php\/wp-json\/wp\/v2\/pages\/51\/revisions\/229"}],"up":[{"embeddable":true,"href":"https:\/\/traumpony.ch\/index.php\/wp-json\/wp\/v2\/pages\/15"}],"wp:attachment":[{"href":"https:\/\/traumpony.ch\/index.php\/wp-json\/wp\/v2\/media?parent=51"}],"curies":[{"name":"wp","href":"https:\/\/api.w.org\/{rel}","templated":true}]}}