{"id":60,"date":"2019-05-19T10:17:59","date_gmt":"2019-05-19T09:17:59","guid":{"rendered":"https:\/\/traumpony.ch\/?page_id=60"},"modified":"2019-05-21T19:52:40","modified_gmt":"2019-05-21T18:52:40","slug":"erlebnispaedagogisches-reiten","status":"publish","type":"page","link":"https:\/\/traumpony.ch\/index.php\/erlebnispaedagogisches-reiten\/","title":{"rendered":"Erlebnisp\u00e4dagogisches Reiten"},"content":{"rendered":"\n<h4 data-tadv-p=\"keep\">Was ist Erlebnisp\u00e4dagogik?<\/h4>\n<p>Die Erlebnisp\u00e4dagogik ist, wie auch die Heilp\u00e4dagogik, ein Teilgebiet der P\u00e4dagogik. Sie besch\u00e4ftigt sich mit Gruppenerfahrungen in der Natur. Durch gemeinsame Erfahrungen erlernen die Beteiligten soziale Kompetenzen, entwickeln L\u00f6sungsstrategien und lernen die eigene Pers\u00f6nlichkeit besser einzusch\u00e4tzen.<\/p>\n<p>Die Erlebnisp\u00e4dagogik ist ein ganzheitlicher, handlungsorientierter Ansatz, der ein breites Lernfeld bietet und auch mit Methoden aus anderen Fachbereichen erg\u00e4nzt werden kann. Das heilp\u00e4dagogische Reiten l\u00e4sst sich wunderbar mit den Ans\u00e4tzen der Erlebnisp\u00e4dagogik kombinieren, ist das Pferd doch Teil der Natur und die Heilp\u00e4dagogik ebenfalls ein ganzheitliches und handlungsorientiertes Konzept.<\/p>\n<h4 data-tadv-p=\"keep\">F\u00fcr wen eignet sich Erlebnisp\u00e4dagogisches Reiten?<\/h4>\n<p>Erlebnisp\u00e4dagogisches Reiten\u00a0eignet sich grunds\u00e4tzlich f\u00fcr alle Kinder und Erwachsene, die einen liebevollen, angstfreien Umgang mit dem Pferd und einen sanften Weg zum Reiten suchen.<\/p>\n<p>Erlebnisp\u00e4dagogisches Reiten erm\u00f6glicht es, das Pony als Lebewesen kennen zu lernen. Mir ist es wichtig, an den Reitnachmittagen einen Rahmen zu schaffen, wo Achtsamkeit und Respekt gelebt werden. Jeder darf kommen wie er ist. Im Umgang mit den Tieren lernen die Kinder, was ein Pony braucht, um ein gl\u00fcckliches und artgerechtes Leben zu f\u00fchren. Sie lernen die Ponys als Partner kennen und bauen eine Beziehung zu ihrem Reitpony auf. Sie lernen das Putzen, das Satteln und Z\u00e4umen und schliesslich das Reiten und F\u00fchren. Die Kinder erleben was es heisst, Verantwortung f\u00fcr ein Lebewesen zu \u00fcbernehmen und erfahren, wie es sich anf\u00fchlt, wenn ihnen ein Pony sein Vertrauen und seine Kraft schenkt.\u00a0 Meine Ponys sind verl\u00e4ssliche und geduldige Lehrmeister, welche die Kinder treu und gutm\u00fctig begleiten.\u00a0<\/p>\n","protected":false},"excerpt":{"rendered":"<p>Was ist Erlebnisp\u00e4dagogik? Die Erlebnisp\u00e4dagogik ist, wie auch die Heilp\u00e4dagogik, ein Teilgebiet der P\u00e4dagogik. Sie besch\u00e4ftigt sich mit Gruppenerfahrungen in der Natur. Durch gemeinsame Erfahrungen erlernen die Beteiligten soziale Kompetenzen, entwickeln L\u00f6sungsstrategien und lernen die eigene Pers\u00f6nlichkeit besser einzusch\u00e4tzen. Die Erlebnisp\u00e4dagogik ist ein ganzheitlicher, handlungsorientierter Ansatz, der ein breites Lernfeld bietet und auch mit Methoden [&hellip;]<\/p>\n","protected":false},"author":1,"featured_media":0,"parent":0,"menu_order":0,"comment_status":"closed","ping_status":"closed","template":"","meta":{"site-sidebar-layout":"default","site-content-layout":"default","ast-site-content-layout":"default","site-content-style":"default","site-sidebar-style":"default","ast-global-header-display":"","ast-banner-title-visibility":"","ast-main-header-display":"","ast-hfb-above-header-display":"","ast-hfb-below-header-display":"","ast-hfb-mobile-header-display":"","site-post-title":"","ast-breadcrumbs-content":"","ast-featured-img":"","footer-sml-layout":"","ast-disable-related-posts":"","theme-transparent-header-meta":"default","adv-header-id-meta":"","stick-header-meta":"","header-above-stick-meta":"","header-main-stick-meta":"","header-below-stick-meta":"","astra-migrate-meta-layouts":"default","ast-page-background-enabled":"default","ast-page-background-meta":{"desktop":{"background-color":"","background-image":"","background-repeat":"repeat","background-position":"center center","background-size":"auto","background-attachment":"scroll","background-type":"","background-media":"","overlay-type":"","overlay-color":"","overlay-opacity":"","overlay-gradient":""},"tablet":{"background-color":"","background-image":"","background-repeat":"repeat","background-position":"center center","background-size":"auto","background-attachment":"scroll","background-type":"","background-media":"","overlay-type":"","overlay-color":"","overlay-opacity":"","overlay-gradient":""},"mobile":{"background-color":"","background-image":"","background-repeat":"repeat","background-position":"center center","background-size":"auto","background-attachment":"scroll","background-type":"","background-media":"","overlay-type":"","overlay-color":"","overlay-opacity":"","overlay-gradient":""}},"ast-content-background-meta":{"desktop":{"background-color":"var(--ast-global-color-5)","background-image":"","background-repeat":"repeat","background-position":"center center","background-size":"auto","background-attachment":"scroll","background-type":"","background-media":"","overlay-type":"","overlay-color":"","overlay-opacity":"","overlay-gradient":""},"tablet":{"background-color":"var(--ast-global-color-5)","background-image":"","background-repeat":"repeat","background-position":"center center","background-size":"auto","background-attachment":"scroll","background-type":"","background-media":"","overlay-type":"","overlay-color":"","overlay-opacity":"","overlay-gradient":""},"mobile":{"background-color":"var(--ast-global-color-5)","background-image":"","background-repeat":"repeat","background-position":"center center","background-size":"auto","background-attachment":"scroll","background-type":"","background-media":"","overlay-type":"","overlay-color":"","overlay-opacity":"","overlay-gradient":""}},"footnotes":""},"class_list":["post-60","page","type-page","status-publish","hentry"],"_links":{"self":[{"href":"https:\/\/traumpony.ch\/index.php\/wp-json\/wp\/v2\/pages\/60","targetHints":{"allow":["GET"]}}],"collection":[{"href":"https:\/\/traumpony.ch\/index.php\/wp-json\/wp\/v2\/pages"}],"about":[{"href":"https:\/\/traumpony.ch\/index.php\/wp-json\/wp\/v2\/types\/page"}],"author":[{"embeddable":true,"href":"https:\/\/traumpony.ch\/index.php\/wp-json\/wp\/v2\/users\/1"}],"replies":[{"embeddable":true,"href":"https:\/\/traumpony.ch\/index.php\/wp-json\/wp\/v2\/comments?post=60"}],"version-history":[{"count":4,"href":"https:\/\/traumpony.ch\/index.php\/wp-json\/wp\/v2\/pages\/60\/revisions"}],"predecessor-version":[{"id":232,"href":"https:\/\/traumpony.ch\/index.php\/wp-json\/wp\/v2\/pages\/60\/revisions\/232"}],"wp:attachment":[{"href":"https:\/\/traumpony.ch\/index.php\/wp-json\/wp\/v2\/media?parent=60"}],"curies":[{"name":"wp","href":"https:\/\/api.w.org\/{rel}","templated":true}]}}