{"id":75,"date":"2019-05-19T10:36:20","date_gmt":"2019-05-19T09:36:20","guid":{"rendered":"https:\/\/traumpony.ch\/?page_id=75"},"modified":"2020-12-30T10:03:34","modified_gmt":"2020-12-30T09:03:34","slug":"infrastruktur","status":"publish","type":"page","link":"https:\/\/traumpony.ch\/index.php\/infrastruktur\/","title":{"rendered":"Stall"},"content":{"rendered":"\n<p>Die Ponys leben gemeinsam in grossen Boxen mit Auslauf auf dem Biobauernhof Reizacker von Rolf und Rita Schaffner in Anwil. Sie gehen, wenn immer m\u00f6glich, mit der kleinen Herde auf die Weide. Als Sattelkammer dient ein alter Container. Es gibt fliessend Wasser in der ehemaligen Milchkammer und eine Toilette im Haus, die mitbenutzt werden darf. Auf dem Hof leben etwa 25 Mutterk\u00fche mit ihren K\u00e4lbern und dem Stier. Es gibt Hunde, Katzen, H\u00fchner, Meerschweinchen und Kaninchen. Mit den Hofbesitzern verbindet mich eine langj\u00e4hrige Freundschaft.<\/p>\n<p>Unsere Ausritte unternehmen wir im wundersch\u00f6nen Gel\u00e4nde. Bei Bedarf steht ein Reitplatz in ca. 15 Minuten Entfernung zur Verf\u00fcgung.<\/p>\n\n\n\n<h2>Anfahrt<\/h2>\n\n\n\n<iframe loading=\"lazy\" width=\"600\" height=\"450\" src=\"https:\/\/www.google.com\/maps\/embed?pb=!1m18!1m12!1m3!1d2560.9592275955706!2d7.940692451308372!3d47.44695493299733!2m3!1f0!2f0!3f0!3m2!1i1024!2i768!4f13.1!3m3!1m2!1s0x4790370701808441%3A0x8a7a2f9d56bc7701!2sReizackerhof+84%2C+4469+Anwil!5e1!3m2!1sde!2sch!4v1558466431679!5m2!1sde!2sch\" frameborder=\"0\" allowfullscreen=\"\" style=\"border:0\"><\/iframe>\n","protected":false},"excerpt":{"rendered":"<p>Die Ponys leben gemeinsam in grossen Boxen mit Auslauf auf dem Biobauernhof Reizacker von Rolf und Rita Schaffner in Anwil. Sie gehen, wenn immer m\u00f6glich, mit der kleinen Herde auf die Weide. Als Sattelkammer dient ein alter Container. Es gibt fliessend Wasser in der ehemaligen Milchkammer und eine Toilette im Haus, die mitbenutzt werden darf. [&hellip;]<\/p>\n","protected":false},"author":1,"featured_media":0,"parent":0,"menu_order":0,"comment_status":"closed","ping_status":"closed","template":"","meta":{"site-sidebar-layout":"default","site-content-layout":"default","ast-site-content-layout":"default","site-content-style":"default","site-sidebar-style":"default","ast-global-header-display":"","ast-banner-title-visibility":"","ast-main-header-display":"","ast-hfb-above-header-display":"","ast-hfb-below-header-display":"","ast-hfb-mobile-header-display":"","site-post-title":"","ast-breadcrumbs-content":"","ast-featured-img":"","footer-sml-layout":"","ast-disable-related-posts":"","theme-transparent-header-meta":"default","adv-header-id-meta":"","stick-header-meta":"","header-above-stick-meta":"","header-main-stick-meta":"","header-below-stick-meta":"","astra-migrate-meta-layouts":"default","ast-page-background-enabled":"default","ast-page-background-meta":{"desktop":{"background-color":"","background-image":"","background-repeat":"repeat","background-position":"center center","background-size":"auto","background-attachment":"scroll","background-type":"","background-media":"","overlay-type":"","overlay-color":"","overlay-opacity":"","overlay-gradient":""},"tablet":{"background-color":"","background-image":"","background-repeat":"repeat","background-position":"center center","background-size":"auto","background-attachment":"scroll","background-type":"","background-media":"","overlay-type":"","overlay-color":"","overlay-opacity":"","overlay-gradient":""},"mobile":{"background-color":"","background-image":"","background-repeat":"repeat","background-position":"center center","background-size":"auto","background-attachment":"scroll","background-type":"","background-media":"","overlay-type":"","overlay-color":"","overlay-opacity":"","overlay-gradient":""}},"ast-content-background-meta":{"desktop":{"background-color":"var(--ast-global-color-5)","background-image":"","background-repeat":"repeat","background-position":"center center","background-size":"auto","background-attachment":"scroll","background-type":"","background-media":"","overlay-type":"","overlay-color":"","overlay-opacity":"","overlay-gradient":""},"tablet":{"background-color":"var(--ast-global-color-5)","background-image":"","background-repeat":"repeat","background-position":"center center","background-size":"auto","background-attachment":"scroll","background-type":"","background-media":"","overlay-type":"","overlay-color":"","overlay-opacity":"","overlay-gradient":""},"mobile":{"background-color":"var(--ast-global-color-5)","background-image":"","background-repeat":"repeat","background-position":"center center","background-size":"auto","background-attachment":"scroll","background-type":"","background-media":"","overlay-type":"","overlay-color":"","overlay-opacity":"","overlay-gradient":""}},"footnotes":""},"class_list":["post-75","page","type-page","status-publish","hentry"],"_links":{"self":[{"href":"https:\/\/traumpony.ch\/index.php\/wp-json\/wp\/v2\/pages\/75","targetHints":{"allow":["GET"]}}],"collection":[{"href":"https:\/\/traumpony.ch\/index.php\/wp-json\/wp\/v2\/pages"}],"about":[{"href":"https:\/\/traumpony.ch\/index.php\/wp-json\/wp\/v2\/types\/page"}],"author":[{"embeddable":true,"href":"https:\/\/traumpony.ch\/index.php\/wp-json\/wp\/v2\/users\/1"}],"replies":[{"embeddable":true,"href":"https:\/\/traumpony.ch\/index.php\/wp-json\/wp\/v2\/comments?post=75"}],"version-history":[{"count":10,"href":"https:\/\/traumpony.ch\/index.php\/wp-json\/wp\/v2\/pages\/75\/revisions"}],"predecessor-version":[{"id":447,"href":"https:\/\/traumpony.ch\/index.php\/wp-json\/wp\/v2\/pages\/75\/revisions\/447"}],"wp:attachment":[{"href":"https:\/\/traumpony.ch\/index.php\/wp-json\/wp\/v2\/media?parent=75"}],"curies":[{"name":"wp","href":"https:\/\/api.w.org\/{rel}","templated":true}]}}